{"id":4942,"date":"2026-05-05T18:53:26","date_gmt":"2026-05-05T18:53:26","guid":{"rendered":"https:\/\/academiaconari.com\/?page_id=4942"},"modified":"2026-05-05T18:53:27","modified_gmt":"2026-05-05T18:53:27","slug":"escuchar-tambien-es-educar","status":"publish","type":"page","link":"https:\/\/academiaconari.com\/en\/escuchar-tambien-es-educar\/","title":{"rendered":"Escuchar Tambi\u00e9n es Educar"},"content":{"rendered":"<section id=\"g-e12fw1f\" class=\"wp-block-gutentor-m4 section-g-e12fw1f gutentor-module gutentor-advanced-columns\"><div class=\"grid-container\"><div class=\"grid-row\">\n<div id=\"col-g-cu6ypcb\" class=\"wp-block-gutentor-m4-col col-g-cu6ypcb gutentor-single-column  grid-lg-2 grid-md-12 grid-12\"><div id=\"section-g-cu6ypcb\" class=\"section-g-cu6ypcb gutentor-col-wrap\"><\/div><\/div>\n\n\n\n<div id=\"col-g-9h0k1jm\" class=\"wp-block-gutentor-m4-col col-g-9h0k1jm gutentor-single-column  grid-lg-8 grid-md-12 grid-12\"><div id=\"section-g-9h0k1jm\" class=\"section-g-9h0k1jm gutentor-col-wrap\">\n<div id=\"section-g-b9cpwdu\" class=\"wp-block-gutentor-e1 section-g-b9cpwdu gutentor-element gutentor-element-advanced-text text-align-center-desktop\"><div class=\"gutentor-text-wrap\"><h1 class=\"gutentor-text\"><strong>Escuchar Tambi\u00e9n es Educar<\/strong><\/h1><\/div><\/div>\n\n\n\n<div id=\"section-g-clrrmue\" class=\"wp-block-gutentor-e1 section-g-clrrmue gutentor-element gutentor-element-advanced-text text-align-center-desktop\"><div class=\"gutentor-text-wrap\"><p class=\"gutentor-text\">5 de Mayo, 2026<\/p><\/div><\/div>\n\n\n\n<div class=\"wp-block-cover is-light\" style=\"min-height:684px;aspect-ratio:unset\"><img loading=\"lazy\" decoding=\"async\" width=\"819\" height=\"1024\" class=\"wp-block-cover__image-background wp-image-4930 size-large\" alt=\"\" src=\"https:\/\/academiaconari.com\/wp-content\/uploads\/2026\/05\/Conari-2026-flyers1-819x1024.png\" style=\"object-position:29% 38%\" data-object-fit=\"cover\" data-object-position=\"29% 38%\" srcset=\"https:\/\/academiaconari.com\/wp-content\/uploads\/2026\/05\/Conari-2026-flyers1-819x1024.png 819w, https:\/\/academiaconari.com\/wp-content\/uploads\/2026\/05\/Conari-2026-flyers1-240x300.png 240w, https:\/\/academiaconari.com\/wp-content\/uploads\/2026\/05\/Conari-2026-flyers1-768x960.png 768w, https:\/\/academiaconari.com\/wp-content\/uploads\/2026\/05\/Conari-2026-flyers1-10x12.png 10w, https:\/\/academiaconari.com\/wp-content\/uploads\/2026\/05\/Conari-2026-flyers1.png 1080w\" sizes=\"auto, (max-width: 819px) 100vw, 819px\" \/><span aria-hidden=\"true\" class=\"wp-block-cover__background has-background-dim-0 has-background-dim\" style=\"background-color:#938d8d\"><\/span><div class=\"wp-block-cover__inner-container is-layout-constrained wp-block-cover-is-layout-constrained\">\n<p class=\"has-text-align-center has-large-font-size\"><\/p>\n<\/div><\/div>\n\n\n\n<hr class=\"wp-block-separator has-text-color has-alpha-channel-opacity has-background\" style=\"background-color:#ffffff00;color:#ffffff00\" \/>\n\n\n\n<div id=\"section-g-klckp2y\" class=\"wp-block-gutentor-e1 section-g-klckp2y gutentor-element gutentor-element-advanced-text\"><div class=\"gutentor-text-wrap\"><p class=\"gutentor-text\">Cuando escuchamos a un ni\u00f1o hablar, probablemente sea sobre alguna caricatura o algo que pas\u00f3 en su escuela. Pero pocas veces nos detenemos a verdaderamente prestar atenci\u00f3n.<br><br>En esa caricatura puede haber algo que le emocion\u00f3, pero por solo asentir o decir <em>\u201c\u00f3rale, qu\u00e9 padre\u201d<\/em>, nos perdemos los detalles que estaba dispuesto a contarnos.<br><br>En la escuela, tal vez menciona que se pele\u00f3 con un amigo o que encontr\u00f3 algo interesante\u2026 pero no siempre lo dejamos terminar o le restamos importancia.<br><br>Existe esta mirada adulta en la que pensamos que la vida del ni\u00f1o es sencilla o que a\u00fan no se enfrenta a la realidad. Sin embargo, ellos ya tienen su propia realidad, y la forma en la que estemos presentes har\u00e1 la diferencia para que, al crecer, se sientan escuchados y cuenten con las herramientas necesarias.<br><br><strong>\u00bfQu\u00e9 se puede hacer como instituci\u00f3n?<\/strong><br>La escuela forma parte de la rutina y es uno de los espacios donde las infancias pasan gran parte de su tiempo. Por eso, tambi\u00e9n es nuestra responsabilidad escuchar lo que les emociona, atender lo que les preocupa y, sobre todo, integrarlo al proceso educativo.<br><br>Escuchar no le quita tiempo al aprendizaje, lo enriquece. Cuando un ni\u00f1o habla de su set de Lego o de algo que le interesa, no es una distracci\u00f3n: es una oportunidad para conectar, trabajar e intervenir desde ah\u00ed. Esto permite que el aprendizaje sea m\u00e1s significativo, ya que parte de lo que el alumno ya conoce y le interesa. As\u00ed, no solo se siente escuchado, tambi\u00e9n se involucra de manera m\u00e1s activa en su propio proceso.<br><br><br><strong>\u00bfY c\u00f3mo familia?<\/strong><br>Ser cuidador es una tarea dif\u00edcil y muchas veces cuestionada. Hay mucha informaci\u00f3n y muchos \u201cdeber\u00edas\u201d, pero lo cierto es que no se trata de tener siempre la respuesta correcta, sino de estar presentes.<br><br>A veces basta con detenernos unos minutos, dejar que termine lo que quiere decir y hacer una pregunta genuina. Evitar interrumpir, corregir de inmediato o minimizar lo que siente puede hacer una gran diferencia.<br><br>Peque\u00f1os cambios, como escuchar sin distracciones o mostrar inter\u00e9s por lo que cuenta, ayudan a que el ni\u00f1o se sienta seguro para expresarse.<br><br><br><strong>Si trabajamos juntos\u2026<\/strong><br>Si logramos acompa\u00f1ar a las infancias desde la escucha, tanto en casa como en la escuela, estaremos formando personas m\u00e1s seguras, capaces de escucharse a s\u00ed mismas y de atender a los dem\u00e1s.<br><br><\/p><\/div><\/div>\n\n\n\n<hr class=\"wp-block-separator has-text-color has-white-color has-alpha-channel-opacity has-white-background-color has-background\" \/>\n<\/div><\/div>\n\n\n\n<div id=\"col-g-knywtd1\" class=\"wp-block-gutentor-m4-col col-g-knywtd1 gutentor-single-column  grid-lg-2 grid-md-12 grid-12\"><div id=\"section-g-knywtd1\" class=\"section-g-knywtd1 gutentor-col-wrap\"><\/div><\/div>\n<\/div><\/div><\/section>\n\n\n\n<div class=\"wp-block-cover pajarotoh\" style=\"min-height:600px;aspect-ratio:unset;\"><img loading=\"lazy\" decoding=\"async\" width=\"2560\" height=\"1707\" class=\"wp-block-cover__image-background wp-image-1354 size-full\" alt=\"Pajara Toh en una rama\" src=\"https:\/\/academiaconari.com\/wp-content\/uploads\/2025\/12\/pajarotoh-scaled.jpeg\" style=\"object-position:53% 17%\" data-object-fit=\"cover\" data-object-position=\"53% 17%\" srcset=\"https:\/\/academiaconari.com\/wp-content\/uploads\/2025\/12\/pajarotoh-scaled.jpeg 2560w, https:\/\/academiaconari.com\/wp-content\/uploads\/2025\/12\/pajarotoh-300x200.jpeg 300w, https:\/\/academiaconari.com\/wp-content\/uploads\/2025\/12\/pajarotoh-1024x683.jpeg 1024w, https:\/\/academiaconari.com\/wp-content\/uploads\/2025\/12\/pajarotoh-768x512.jpeg 768w, https:\/\/academiaconari.com\/wp-content\/uploads\/2025\/12\/pajarotoh-1536x1024.jpeg 1536w, https:\/\/academiaconari.com\/wp-content\/uploads\/2025\/12\/pajarotoh-2048x1366.jpeg 2048w\" sizes=\"auto, (max-width: 2560px) 100vw, 2560px\" \/><span aria-hidden=\"true\" class=\"wp-block-cover__background has-background-dim-0 has-background-dim\" style=\"background-color:#576336\"><\/span><div class=\"wp-block-cover__inner-container is-layout-constrained wp-block-cover-is-layout-constrained\">\n<p class=\"has-text-align-center has-large-font-size\"><\/p>\n\n\n\n<div class=\"wp-block-columns is-layout-flex wp-container-core-columns-is-layout-9d6595d7 wp-block-columns-is-layout-flex\">\n<div class=\"wp-block-column is-layout-flow wp-block-column-is-layout-flow\">\n<div id=\"section-g-ioz5ibe\" class=\"wp-block-gutentor-e2 section-g-ioz5ibe gutentor-element gutentor-element-button button-align-center-desktop botontoh\"><span class=\"gutentor-button-wrap\"><a class=\"gutentor-button gutentor-block-button botontoh gutentor-icon-hide\" href=\"https:\/\/academiaconari.com\/en\/admisiones-2\/\"><i class=\"gutentor-button-icon fas fa-book\"><\/i><span>Admissions<\/span><\/a><\/span><\/div>\n<\/div>\n\n\n\n<div class=\"wp-block-column is-layout-flow wp-block-column-is-layout-flow\">\n<div id=\"section-g-1t16pu6\" class=\"wp-block-gutentor-e2 section-g-1t16pu6 gutentor-element gutentor-element-button button-align-center-desktop botontoh\"><span class=\"gutentor-button-wrap\"><a class=\"gutentor-button gutentor-block-button botontoh gutentor-icon-hide\" href=\"https:\/\/academiaconari.com\/en\/contacto\/\"><i class=\"gutentor-button-icon fas fa-book\"><\/i><span>Contact<\/span><\/a><\/span><\/div>\n<\/div>\n\n\n\n<div class=\"wp-block-column is-layout-flow wp-block-column-is-layout-flow\">\n<div id=\"section-g-67i7cx7\" class=\"wp-block-gutentor-e2 section-g-67i7cx7 gutentor-element gutentor-element-button button-align-center-desktop botontoh\"><span class=\"gutentor-button-wrap\"><a class=\"gutentor-button gutentor-block-button botontoh gutentor-icon-hide\" href=\"https:\/\/academiaconari.com\/en\/quienes-somos\/\"><i class=\"gutentor-button-icon fas fa-book\"><\/i><span>Our Story<\/span><\/a><\/span><\/div>\n<\/div>\n<\/div>\n<\/div><\/div>","protected":false},"excerpt":{"rendered":"","protected":false},"author":1,"featured_media":0,"parent":0,"menu_order":0,"comment_status":"closed","ping_status":"closed","template":"","meta":{"om_disable_all_campaigns":false,"_monsterinsights_skip_tracking":false,"_monsterinsights_sitenote_active":false,"_monsterinsights_sitenote_note":"","_monsterinsights_sitenote_category":0,"footnotes":""},"class_list":["post-4942","page","type-page","status-publish","hentry"],"aioseo_notices":[],"_links":{"self":[{"href":"https:\/\/academiaconari.com\/en\/wp-json\/wp\/v2\/pages\/4942","targetHints":{"allow":["GET"]}}],"collection":[{"href":"https:\/\/academiaconari.com\/en\/wp-json\/wp\/v2\/pages"}],"about":[{"href":"https:\/\/academiaconari.com\/en\/wp-json\/wp\/v2\/types\/page"}],"author":[{"embeddable":true,"href":"https:\/\/academiaconari.com\/en\/wp-json\/wp\/v2\/users\/1"}],"replies":[{"embeddable":true,"href":"https:\/\/academiaconari.com\/en\/wp-json\/wp\/v2\/comments?post=4942"}],"version-history":[{"count":5,"href":"https:\/\/academiaconari.com\/en\/wp-json\/wp\/v2\/pages\/4942\/revisions"}],"predecessor-version":[{"id":4948,"href":"https:\/\/academiaconari.com\/en\/wp-json\/wp\/v2\/pages\/4942\/revisions\/4948"}],"wp:attachment":[{"href":"https:\/\/academiaconari.com\/en\/wp-json\/wp\/v2\/media?parent=4942"}],"curies":[{"name":"wp","href":"https:\/\/api.w.org\/{rel}","templated":true}]}}