{"id":4814,"date":"2026-03-24T16:10:27","date_gmt":"2026-03-24T16:10:27","guid":{"rendered":"https:\/\/academiaconari.com\/?page_id=4814"},"modified":"2026-03-24T16:13:45","modified_gmt":"2026-03-24T16:13:45","slug":"resena-de-los-juegos-del-hambre","status":"publish","type":"page","link":"https:\/\/academiaconari.com\/en\/resena-de-los-juegos-del-hambre\/","title":{"rendered":"Rese\u00f1a de Los Juegos del hambre"},"content":{"rendered":"<section id=\"g-e12fw1f\" class=\"wp-block-gutentor-m4 section-g-e12fw1f gutentor-module gutentor-advanced-columns\"><div class=\"grid-container\"><div class=\"grid-row\">\n<div id=\"col-g-cu6ypcb\" class=\"wp-block-gutentor-m4-col col-g-cu6ypcb gutentor-single-column  grid-lg-2 grid-md-12 grid-12\"><div id=\"section-g-cu6ypcb\" class=\"section-g-cu6ypcb gutentor-col-wrap\"><\/div><\/div>\n\n\n\n<div id=\"col-g-9h0k1jm\" class=\"wp-block-gutentor-m4-col col-g-9h0k1jm gutentor-single-column  grid-lg-8 grid-md-12 grid-12\"><div id=\"section-g-9h0k1jm\" class=\"section-g-9h0k1jm gutentor-col-wrap\">\n<div id=\"section-g-b9cpwdu\" class=\"wp-block-gutentor-e1 section-g-b9cpwdu gutentor-element gutentor-element-advanced-text text-align-center-desktop\"><div class=\"gutentor-text-wrap\"><h1 class=\"gutentor-text\"><strong>Rese\u00f1a de \u00abLos Juegos del Hambre<\/strong>\u00ab<\/h1><\/div><\/div>\n\n\n\n<div id=\"section-g-clrrmue\" class=\"wp-block-gutentor-e1 section-g-clrrmue gutentor-element gutentor-element-advanced-text text-align-center-desktop\"><div class=\"gutentor-text-wrap\"><p class=\"gutentor-text\">24 de Marzo, 2026<\/p><\/div><\/div>\n\n\n\n<div class=\"wp-block-cover\" style=\"min-height:929px;aspect-ratio:unset\"><img loading=\"lazy\" decoding=\"async\" width=\"685\" height=\"1000\" class=\"wp-block-cover__image-background wp-image-4816 size-full\" alt=\"Portada de los juegos de hambre\" src=\"https:\/\/academiaconari.com\/wp-content\/uploads\/2026\/03\/71VrtQU9VBL._AC_UF10001000_QL80_.jpg\" style=\"object-position:46% 6%\" data-object-fit=\"cover\" data-object-position=\"46% 6%\" srcset=\"https:\/\/academiaconari.com\/wp-content\/uploads\/2026\/03\/71VrtQU9VBL._AC_UF10001000_QL80_.jpg 685w, https:\/\/academiaconari.com\/wp-content\/uploads\/2026\/03\/71VrtQU9VBL._AC_UF10001000_QL80_-206x300.jpg 206w, https:\/\/academiaconari.com\/wp-content\/uploads\/2026\/03\/71VrtQU9VBL._AC_UF10001000_QL80_-8x12.jpg 8w\" sizes=\"auto, (max-width: 685px) 100vw, 685px\" \/><span aria-hidden=\"true\" class=\"wp-block-cover__background has-background-dim-0 has-background-dim\" style=\"background-color:#4c4035\"><\/span><div class=\"wp-block-cover__inner-container is-layout-constrained wp-block-cover-is-layout-constrained\">\n<p class=\"has-text-align-center has-large-font-size\"><\/p>\n<\/div><\/div>\n\n\n\n<hr class=\"wp-block-separator has-text-color has-white-color has-alpha-channel-opacity has-white-background-color has-background\" \/>\n\n\n\n<div id=\"section-g-klckp2y\" class=\"wp-block-gutentor-e1 section-g-klckp2y gutentor-element gutentor-element-advanced-text text-align-justify-desktop\"><div class=\"gutentor-text-wrap\"><p class=\"gutentor-text\">A la hora de escoger un libro, no lo hacemos \u00fanicamente pensando en el entretenimiento. Creemos firmemente que la lectura debe ser tambi\u00e9n un espacio para cuestionarnos y reflexionar sobre temas que a veces resultan inc\u00f3modos, pero que son importantes en nuestra actualidad.<br><br>Los libros tienen la capacidad de refractar la ficci\u00f3n a nuestra realidad y es por ello que nuestro libro estelar es: Los juegos del hambre de Suzanne Collins.<br><br>El libro parte de la premisa de un mundo postapocal\u00edptico que ha logrado reorganizarse bajo un sistema social desigual. La sociedad de Panem se encuentra dividida en clases muy marcadas: est\u00e1 el Capitolio, donde se concentran el poder pol\u00edtico, la riqueza y los privilegios; y por el otro, los distritos, sectores de poblaci\u00f3n que viven en condiciones precarias y cuya funci\u00f3n principal es producir para el Capitolio, desde materia prima hasta entretenimiento.<br><br><strong>Motivaci\u00f3n pedag\u00f3gica<\/strong><br><br>A trav\u00e9s de esta lectura podemos interactuar con posturas pol\u00edticas y \u00e9ticas sin entrar en materia. La intenci\u00f3n es que los alumnos puedan construir su propio criterio y se cuestionen c\u00f3mo esta obra habla de nuestro mundo actual.<br><br>Entre los temas que se pueden observar en la obra se encuentra la representaci\u00f3n de un modelo de gobierno autoritario, donde el poder se concentra en un solo sector de la sociedad: el Capitolio. Este grupo disfruta de sus privilegios sin cuestionar su propia posici\u00f3n dentro del sistema ni prestar demasiada atenci\u00f3n a lo que ocurre fuera de su entorno. En contraste, los distritos representan a las poblaciones m\u00e1s vulnerable que, debido a este problema estructural, han sido censurados, marginados y limitados en oportunidades.<br><br><strong>Motivaci\u00f3n socioemocional<\/strong><br><br>La lectura al introducir a personajes variados en cuanto contexto social y de personalidad podemos analizar sus respuestas y motivaciones. As\u00ed entender que los humanos somos complejos como circunstanciales.<br>Encontramos, por ejemplo, a Katniss Everdeen. Quien ha velado por su familia desde la muerte de su padre y que, a pesar de las dificultades que enfrenta, muestra constantemente rasgos de protecci\u00f3n, resiliencia y sentido de responsabilidad hacia los dem\u00e1s.<br><br>Un Peeta Mellark que, a pesar de crecer en un entorno relativamente m\u00e1s estable dentro de su distrito, tambi\u00e9n proviene de un contexto familiar disfuncional. En la historia\u00a0 no act\u00faa pensando en su supervivencia, sino en el bienestar de quienes aprecia. Se muestra aut\u00e9ntico en distintos aspectos, resaltando su sentir y lo que desea.<br>O un Cinna que se encarga de ver a sus distritos como lo que son: personas con derecho que merecen un trato igual.<br><br><strong>Conclusi\u00f3n de nuestros estudiantes<\/strong><br><br><strong>EST. 1<\/strong>:<br><br>Es lo mejor que he le\u00eddo. Amo much\u00edsimo a Peeta. Es super lindo. La trama y todo es incre\u00edble, sin duda, es mi favorito. \u00a1Peeta es lo mejor!\u00a0<br><br><strong>EST. 2<\/strong>:<br><br>Mi experiencia leyendo fue incre\u00edble, es un libro muy interesante y padre. En especial cuando est\u00e1n en los juegos. Un libro muy bueno sin duda uno des mis favoritos.<br><br><\/p><\/div><\/div>\n<\/div><\/div>\n\n\n\n<div id=\"col-g-knywtd1\" class=\"wp-block-gutentor-m4-col col-g-knywtd1 gutentor-single-column  grid-lg-2 grid-md-12 grid-12\"><div id=\"section-g-knywtd1\" class=\"section-g-knywtd1 gutentor-col-wrap\"><\/div><\/div>\n<\/div><\/div><\/section>\n\n\n\n<hr class=\"wp-block-separator has-text-color has-white-color has-alpha-channel-opacity has-white-background-color has-background\"\/>\n\n\n\n<hr class=\"wp-block-separator has-text-color has-white-color has-alpha-channel-opacity has-white-background-color has-background\"\/>\n\n\n\n<div class=\"wp-block-cover pajarotoh\" style=\"min-height:600px;aspect-ratio:unset;\"><img loading=\"lazy\" decoding=\"async\" width=\"2560\" height=\"1707\" class=\"wp-block-cover__image-background wp-image-1354 size-full\" alt=\"Pajara Toh en una rama\" src=\"https:\/\/academiaconari.com\/wp-content\/uploads\/2025\/12\/pajarotoh-scaled.jpeg\" style=\"object-position:53% 17%\" data-object-fit=\"cover\" data-object-position=\"53% 17%\" srcset=\"https:\/\/academiaconari.com\/wp-content\/uploads\/2025\/12\/pajarotoh-scaled.jpeg 2560w, https:\/\/academiaconari.com\/wp-content\/uploads\/2025\/12\/pajarotoh-300x200.jpeg 300w, https:\/\/academiaconari.com\/wp-content\/uploads\/2025\/12\/pajarotoh-1024x683.jpeg 1024w, https:\/\/academiaconari.com\/wp-content\/uploads\/2025\/12\/pajarotoh-768x512.jpeg 768w, https:\/\/academiaconari.com\/wp-content\/uploads\/2025\/12\/pajarotoh-1536x1024.jpeg 1536w, https:\/\/academiaconari.com\/wp-content\/uploads\/2025\/12\/pajarotoh-2048x1366.jpeg 2048w\" sizes=\"auto, (max-width: 2560px) 100vw, 2560px\" \/><span aria-hidden=\"true\" class=\"wp-block-cover__background has-background-dim-0 has-background-dim\" style=\"background-color:#576336\"><\/span><div class=\"wp-block-cover__inner-container is-layout-constrained wp-block-cover-is-layout-constrained\">\n<p class=\"has-text-align-center has-large-font-size\"><\/p>\n\n\n\n<div class=\"wp-block-columns is-layout-flex wp-container-core-columns-is-layout-9d6595d7 wp-block-columns-is-layout-flex\">\n<div class=\"wp-block-column is-layout-flow wp-block-column-is-layout-flow\">\n<div id=\"section-g-ioz5ibe\" class=\"wp-block-gutentor-e2 section-g-ioz5ibe gutentor-element gutentor-element-button button-align-center-desktop botontoh\"><span class=\"gutentor-button-wrap\"><a class=\"gutentor-button gutentor-block-button botontoh gutentor-icon-hide\" href=\"https:\/\/academiaconari.com\/en\/admisiones-2\/\"><i class=\"gutentor-button-icon fas fa-book\"><\/i><span>Admissions<\/span><\/a><\/span><\/div>\n<\/div>\n\n\n\n<div class=\"wp-block-column is-layout-flow wp-block-column-is-layout-flow\">\n<div id=\"section-g-1t16pu6\" class=\"wp-block-gutentor-e2 section-g-1t16pu6 gutentor-element gutentor-element-button button-align-center-desktop botontoh\"><span class=\"gutentor-button-wrap\"><a class=\"gutentor-button gutentor-block-button botontoh gutentor-icon-hide\" href=\"https:\/\/academiaconari.com\/en\/contacto\/\"><i class=\"gutentor-button-icon fas fa-book\"><\/i><span>Contact<\/span><\/a><\/span><\/div>\n<\/div>\n\n\n\n<div class=\"wp-block-column is-layout-flow wp-block-column-is-layout-flow\">\n<div id=\"section-g-67i7cx7\" class=\"wp-block-gutentor-e2 section-g-67i7cx7 gutentor-element gutentor-element-button button-align-center-desktop botontoh\"><span class=\"gutentor-button-wrap\"><a class=\"gutentor-button gutentor-block-button botontoh gutentor-icon-hide\" href=\"https:\/\/academiaconari.com\/en\/quienes-somos\/\"><i class=\"gutentor-button-icon fas fa-book\"><\/i><span>Our Story<\/span><\/a><\/span><\/div>\n<\/div>\n<\/div>\n<\/div><\/div>","protected":false},"excerpt":{"rendered":"","protected":false},"author":1,"featured_media":0,"parent":0,"menu_order":0,"comment_status":"closed","ping_status":"closed","template":"","meta":{"om_disable_all_campaigns":false,"_monsterinsights_skip_tracking":false,"_monsterinsights_sitenote_active":false,"_monsterinsights_sitenote_note":"","_monsterinsights_sitenote_category":0,"footnotes":""},"class_list":["post-4814","page","type-page","status-publish","hentry"],"aioseo_notices":[],"_links":{"self":[{"href":"https:\/\/academiaconari.com\/en\/wp-json\/wp\/v2\/pages\/4814","targetHints":{"allow":["GET"]}}],"collection":[{"href":"https:\/\/academiaconari.com\/en\/wp-json\/wp\/v2\/pages"}],"about":[{"href":"https:\/\/academiaconari.com\/en\/wp-json\/wp\/v2\/types\/page"}],"author":[{"embeddable":true,"href":"https:\/\/academiaconari.com\/en\/wp-json\/wp\/v2\/users\/1"}],"replies":[{"embeddable":true,"href":"https:\/\/academiaconari.com\/en\/wp-json\/wp\/v2\/comments?post=4814"}],"version-history":[{"count":9,"href":"https:\/\/academiaconari.com\/en\/wp-json\/wp\/v2\/pages\/4814\/revisions"}],"predecessor-version":[{"id":4827,"href":"https:\/\/academiaconari.com\/en\/wp-json\/wp\/v2\/pages\/4814\/revisions\/4827"}],"wp:attachment":[{"href":"https:\/\/academiaconari.com\/en\/wp-json\/wp\/v2\/media?parent=4814"}],"curies":[{"name":"wp","href":"https:\/\/api.w.org\/{rel}","templated":true}]}}