{"id":1486,"date":"2025-12-08T18:33:31","date_gmt":"2025-12-08T18:33:31","guid":{"rendered":"https:\/\/academiaconari.com\/?page_id=1486"},"modified":"2026-05-05T18:54:01","modified_gmt":"2026-05-05T18:54:01","slug":"blog","status":"publish","type":"page","link":"https:\/\/academiaconari.com\/en\/blog\/","title":{"rendered":"BLOG"},"content":{"rendered":"<div class=\"wp-block-columns is-layout-flex wp-container-core-columns-is-layout-9d6595d7 wp-block-columns-is-layout-flex\">\n<div class=\"wp-block-column is-layout-flow wp-block-column-is-layout-flow\" style=\"flex-basis:33.33%\">\n<div id=\"section-g-h55s5a1\" class=\"wp-block-gutentor-e1 alignfull section-g-h55s5a1 gutentor-element gutentor-element-advanced-text gutentor-adv-text-enabled-width\"><div class=\"gutentor-text-wrap\"><h3 class=\"gutentor-text\"><strong>\u201cYou can always edit a faulty page. You can\u2019t edit <\/strong><strong>a blank page.\"<\/strong> <br><br>&nbsp;\u2014&nbsp;<em>Jodi Picoult<\/em><\/h3><\/div><\/div>\n<\/div>\n\n\n\n<div class=\"wp-block-column is-layout-flow wp-block-column-is-layout-flow\" style=\"flex-basis:66.66%\">\n<div id=\"section-g-g9vdgfy\" class=\"wp-block-gutentor-e1 alignfull section-g-g9vdgfy gutentor-element gutentor-element-advanced-text text-align-right-desktop\"><div class=\"gutentor-text-wrap\"><h2 class=\"gutentor-text\">A place to share articles <br>written by the Conari community, <br>news, and updates.<\/h2><\/div><\/div>\n<\/div>\n<\/div>\n\n\n\n<hr class=\"wp-block-separator has-text-color has-alpha-channel-opacity has-background\" style=\"background-color:#ffffff00;color:#ffffff00\"\/>\n\n\n\n<hr class=\"wp-block-separator has-text-color has-alpha-channel-opacity has-background\" style=\"background-color:#ffffff00;color:#ffffff00\"\/>\n\n\n\n<hr class=\"wp-block-separator has-text-color has-white-color has-alpha-channel-opacity has-white-background-color has-background\"\/>\n\n\n\n<hr class=\"wp-block-separator has-text-color has-white-color has-alpha-channel-opacity has-white-background-color has-background\"\/>\n\n\n\n<hr class=\"wp-block-separator has-text-color has-white-color has-alpha-channel-opacity has-white-background-color has-background\"\/>\n\n\n\n<hr class=\"wp-block-separator has-text-color has-white-color has-alpha-channel-opacity has-white-background-color has-background\"\/>\n\n\n\n<hr class=\"wp-block-separator has-text-color has-white-color has-alpha-channel-opacity has-white-background-color has-background\"\/>\n\n\n\n<hr class=\"wp-block-separator has-text-color has-white-color has-alpha-channel-opacity has-white-background-color has-background\"\/>\n\n\n\n<div id=\"section-g-a6es844\" class=\"wp-block-gutentor-e1 alignwide section-g-a6es844 gutentor-element gutentor-element-advanced-text\"><div class=\"gutentor-text-wrap\"><h1 class=\"gutentor-text\">BLOG<\/h1><\/div><\/div>\n\n\n\n<div class=\"wp-block-cover\" style=\"min-height:1013px;aspect-ratio:unset;\"><img loading=\"lazy\" decoding=\"async\" width=\"1024\" height=\"683\" class=\"wp-block-cover__image-background wp-image-3742 size-large\" alt=\"el libro del principito en un arbol\" src=\"https:\/\/academiaconari.com\/wp-content\/uploads\/2026\/01\/IMG_2033-1024x683.png\" data-object-fit=\"cover\" srcset=\"https:\/\/academiaconari.com\/wp-content\/uploads\/2026\/01\/IMG_2033-1024x683.png 1024w, https:\/\/academiaconari.com\/wp-content\/uploads\/2026\/01\/IMG_2033-300x200.png 300w, https:\/\/academiaconari.com\/wp-content\/uploads\/2026\/01\/IMG_2033-768x512.png 768w, https:\/\/academiaconari.com\/wp-content\/uploads\/2026\/01\/IMG_2033-1536x1024.png 1536w, https:\/\/academiaconari.com\/wp-content\/uploads\/2026\/01\/IMG_2033-2048x1365.png 2048w\" sizes=\"auto, (max-width: 1024px) 100vw, 1024px\" \/><span aria-hidden=\"true\" class=\"wp-block-cover__background has-background-dim-0 has-background-dim\" style=\"background-color:#5a6965\"><\/span><div class=\"wp-block-cover__inner-container is-layout-constrained wp-block-cover-is-layout-constrained\">\n<p class=\"has-text-align-center has-large-font-size\"><\/p>\n<\/div><\/div>\n\n\n\n<hr class=\"wp-block-separator has-text-color has-white-color has-alpha-channel-opacity has-white-background-color has-background\"\/>\n\n\n\n<div class=\"wp-block-media-text alignfull has-media-on-the-right is-stacked-on-mobile blogsection\" style=\"grid-template-columns:auto 26%\"><div class=\"wp-block-media-text__content\">\n<hr class=\"wp-block-separator has-text-color has-white-color has-alpha-channel-opacity has-white-background-color has-background\"\/>\n\n\n\n<div id=\"section-g-9sk7521\" class=\"wp-block-gutentor-e1 section-g-9sk7521 gutentor-element gutentor-element-advanced-text\"><div class=\"gutentor-text-wrap\"><h4 class=\"gutentor-text\"><strong><strong>Escuchar Tambi\u00e9n es Educar<\/strong><\/strong><\/h4><\/div><\/div>\n\n\n\n<p class=\"has-text-align-left has-black-color has-text-color has-link-color wp-elements-02825def0b6cbc6631cedb6ae6d945cc\" style=\"font-size:20px\">5 de Mayo, 2026<\/p>\n\n\n\n<hr class=\"wp-block-separator has-text-color has-white-color has-alpha-channel-opacity has-white-background-color has-background\"\/>\n\n\n\n<hr class=\"wp-block-separator has-text-color has-white-color has-alpha-channel-opacity has-white-background-color has-background\"\/>\n\n\n\n<p><\/p>\n\n\n\n<div id=\"section-g-8w38538\" class=\"wp-block-gutentor-e1 section-g-8w38538 gutentor-element gutentor-element-advanced-text text-align-justify-desktop\"><div class=\"gutentor-text-wrap\"><p class=\"gutentor-text\">Cuando escuchamos a un ni\u00f1o hablar, probablemente sea sobre alguna caricatura o algo que pas\u00f3 en su escuela. Pero pocas veces nos detenemos a verdaderamente prestar atenci\u00f3n.<\/p><\/div><\/div>\n\n\n\n<div id=\"section-g-mfmyc7y\" class=\"wp-block-gutentor-e2 section-g-mfmyc7y gutentor-element gutentor-element-button blogbutton\"><span class=\"gutentor-button-wrap\"><a class=\"gutentor-button gutentor-block-button gutentor-icon-hide\" href=\"https:\/\/academiaconari.com\/en\/escuchar-tambien-es-educar\/\"><i class=\"gutentor-button-icon fas fa-book\"><\/i><span>Go to article<\/span><\/a><\/span><\/div>\n<\/div><figure class=\"wp-block-media-text__media\"><img loading=\"lazy\" decoding=\"async\" width=\"819\" height=\"1024\" src=\"https:\/\/academiaconari.com\/wp-content\/uploads\/2026\/05\/Conari-2026-flyers1-819x1024.png\" alt=\"\" class=\"wp-image-4930 size-full\" srcset=\"https:\/\/academiaconari.com\/wp-content\/uploads\/2026\/05\/Conari-2026-flyers1-819x1024.png 819w, https:\/\/academiaconari.com\/wp-content\/uploads\/2026\/05\/Conari-2026-flyers1-240x300.png 240w, https:\/\/academiaconari.com\/wp-content\/uploads\/2026\/05\/Conari-2026-flyers1-768x960.png 768w, https:\/\/academiaconari.com\/wp-content\/uploads\/2026\/05\/Conari-2026-flyers1-10x12.png 10w, https:\/\/academiaconari.com\/wp-content\/uploads\/2026\/05\/Conari-2026-flyers1.png 1080w\" sizes=\"auto, (max-width: 819px) 100vw, 819px\" \/><\/figure><\/div>\n\n\n\n<hr class=\"wp-block-separator has-text-color has-alpha-channel-opacity has-background\" style=\"background-color:#ffffff00;color:#ffffff00\"\/>\n\n\n\n<div class=\"wp-block-media-text alignfull has-media-on-the-right is-stacked-on-mobile blogsection\" style=\"grid-template-columns:auto 26%\"><div class=\"wp-block-media-text__content\">\n<hr class=\"wp-block-separator has-text-color has-white-color has-alpha-channel-opacity has-white-background-color has-background\"\/>\n\n\n\n<div id=\"section-g-enpuff7\" class=\"wp-block-gutentor-e1 section-g-enpuff7 gutentor-element gutentor-element-advanced-text\"><div class=\"gutentor-text-wrap\"><h4 class=\"gutentor-text\"><strong>5 Se\u00f1ales de que Debes Cambiar a un Modelo Personalizado<\/strong><\/h4><\/div><\/div>\n\n\n\n<p class=\"has-text-align-left has-black-color has-text-color has-link-color wp-elements-9e0dc815e3ac39aec5408183ce06fa27\" style=\"font-size:20px\">12 de Abril, 2026<\/p>\n\n\n\n<hr class=\"wp-block-separator has-text-color has-white-color has-alpha-channel-opacity has-white-background-color has-background\"\/>\n\n\n\n<hr class=\"wp-block-separator has-text-color has-white-color has-alpha-channel-opacity has-white-background-color has-background\"\/>\n\n\n\n<p><\/p>\n\n\n\n<div id=\"section-g-2zzzv21\" class=\"wp-block-gutentor-e1 section-g-2zzzv21 gutentor-element gutentor-element-advanced-text text-align-justify-desktop\"><div class=\"gutentor-text-wrap\"><p class=\"gutentor-text\">Muchos padres llegan a la academia con cierta incertidumbre. No siempre est\u00e1n seguros de si cambiar a su hijo a una escuela boutique (una escuela con grupos reducidos y un sistema personalizado) es realmente la decisi\u00f3n correcta.<\/p><\/div><\/div>\n\n\n\n<div id=\"section-g-bb4llo4\" class=\"wp-block-gutentor-e2 section-g-bb4llo4 gutentor-element gutentor-element-button blogbutton\"><span class=\"gutentor-button-wrap\"><a class=\"gutentor-button gutentor-block-button gutentor-icon-hide\" href=\"https:\/\/academiaconari.com\/en\/5-senales-de-que-debes-cambiar-a-un-modelo-personalizado\/\"><i class=\"gutentor-button-icon fas fa-book\"><\/i><span>Go to article<\/span><\/a><\/span><\/div>\n<\/div><figure class=\"wp-block-media-text__media\"><img loading=\"lazy\" decoding=\"async\" width=\"819\" height=\"1024\" src=\"https:\/\/academiaconari.com\/wp-content\/uploads\/2026\/05\/Conari-2026-flyers-819x1024.png\" alt=\"\" class=\"wp-image-4907 size-full\" srcset=\"https:\/\/academiaconari.com\/wp-content\/uploads\/2026\/05\/Conari-2026-flyers-819x1024.png 819w, https:\/\/academiaconari.com\/wp-content\/uploads\/2026\/05\/Conari-2026-flyers-240x300.png 240w, https:\/\/academiaconari.com\/wp-content\/uploads\/2026\/05\/Conari-2026-flyers-768x960.png 768w, https:\/\/academiaconari.com\/wp-content\/uploads\/2026\/05\/Conari-2026-flyers-10x12.png 10w, https:\/\/academiaconari.com\/wp-content\/uploads\/2026\/05\/Conari-2026-flyers.png 1080w\" sizes=\"auto, (max-width: 819px) 100vw, 819px\" \/><\/figure><\/div>\n\n\n\n<hr class=\"wp-block-separator has-text-color has-alpha-channel-opacity has-background\" style=\"background-color:#ffffff00;color:#ffffff00\"\/>\n\n\n\n<div class=\"wp-block-media-text alignfull has-media-on-the-right is-stacked-on-mobile blogsection\" style=\"grid-template-columns:auto 25%\"><div class=\"wp-block-media-text__content\">\n<hr class=\"wp-block-separator has-text-color has-white-color has-alpha-channel-opacity has-white-background-color has-background\"\/>\n\n\n\n<div id=\"section-g-353o7aw\" class=\"wp-block-gutentor-e1 section-g-353o7aw gutentor-element gutentor-element-advanced-text\"><div class=\"gutentor-text-wrap\"><h4 class=\"gutentor-text\"><strong>Rese\u00f1a de \u00abLos Juegos del Hambre\u00bb<\/strong><\/h4><\/div><\/div>\n\n\n\n<p class=\"has-text-align-left has-black-color has-text-color has-link-color wp-elements-a4fb77ac8aa946e3ba21b697e9c18056\" style=\"font-size:20px\">24 de marzo, 2026<\/p>\n\n\n\n<hr class=\"wp-block-separator has-text-color has-white-color has-alpha-channel-opacity has-white-background-color has-background\"\/>\n\n\n\n<hr class=\"wp-block-separator has-text-color has-white-color has-alpha-channel-opacity has-white-background-color has-background\"\/>\n\n\n\n<p><\/p>\n\n\n\n<div id=\"section-g-nqenrfs\" class=\"wp-block-gutentor-e1 section-g-nqenrfs gutentor-element gutentor-element-advanced-text text-align-justify-desktop\"><div class=\"gutentor-text-wrap\"><p class=\"gutentor-text\">A la hora de escoger un libro, no lo hacemos \u00fanicamente pensando en el entretenimiento. Creemos firmemente que la lectura debe ser tambi\u00e9n un espacio para cuestionarnos y reflexionar sobre temas que a veces resultan inc\u00f3modos, pero que son importantes en nuestra actualidad.<br><br>Los libros tienen la capacidad de refractar la ficci\u00f3n a nuestra realidad y es por ello que nuestro libro estelar es: Los juegos del hambre de Suzanne Collins.<\/p><\/div><\/div>\n\n\n\n<div id=\"section-g-v08eoo8\" class=\"wp-block-gutentor-e2 section-g-v08eoo8 gutentor-element gutentor-element-button blogbutton\"><span class=\"gutentor-button-wrap\"><a class=\"gutentor-button gutentor-block-button gutentor-icon-hide\" href=\"https:\/\/academiaconari.com\/en\/resena-de-los-juegos-del-hambre\/\"><i class=\"gutentor-button-icon fas fa-book\"><\/i><span>Go to article<\/span><\/a><\/span><\/div>\n<\/div><figure class=\"wp-block-media-text__media\"><img loading=\"lazy\" decoding=\"async\" width=\"685\" height=\"1000\" src=\"https:\/\/academiaconari.com\/wp-content\/uploads\/2026\/03\/71VrtQU9VBL._AC_UF10001000_QL80_.jpg\" alt=\"Portada de los juegos de hambre\" class=\"wp-image-4816 size-full\" srcset=\"https:\/\/academiaconari.com\/wp-content\/uploads\/2026\/03\/71VrtQU9VBL._AC_UF10001000_QL80_.jpg 685w, https:\/\/academiaconari.com\/wp-content\/uploads\/2026\/03\/71VrtQU9VBL._AC_UF10001000_QL80_-206x300.jpg 206w, https:\/\/academiaconari.com\/wp-content\/uploads\/2026\/03\/71VrtQU9VBL._AC_UF10001000_QL80_-8x12.jpg 8w\" sizes=\"auto, (max-width: 685px) 100vw, 685px\" \/><\/figure><\/div>\n\n\n\n<hr class=\"wp-block-separator has-text-color has-white-color has-alpha-channel-opacity has-white-background-color has-background\"\/>\n\n\n\n<div class=\"wp-block-media-text alignfull has-media-on-the-right is-stacked-on-mobile blogsection\" style=\"grid-template-columns:auto 28%\"><div class=\"wp-block-media-text__content\">\n<hr class=\"wp-block-separator has-text-color has-white-color has-alpha-channel-opacity has-white-background-color has-background\"\/>\n\n\n\n<div id=\"section-g-i8uasum\" class=\"wp-block-gutentor-e1 section-g-i8uasum gutentor-element gutentor-element-advanced-text\"><div class=\"gutentor-text-wrap\"><h4 class=\"gutentor-text\"><strong>What does it mean to be a high performance student?<\/strong><\/h4><\/div><\/div>\n\n\n\n<p class=\"has-text-align-left has-black-color has-text-color has-link-color wp-elements-aef263cab8063ed668a1604c9889af6a\" style=\"font-size:20px\">January 20, 2026<\/p>\n\n\n\n<hr class=\"wp-block-separator has-text-color has-white-color has-alpha-channel-opacity has-white-background-color has-background\"\/>\n\n\n\n<hr class=\"wp-block-separator has-text-color has-white-color has-alpha-channel-opacity has-white-background-color has-background\"\/>\n\n\n\n<p><\/p>\n\n\n\n<div id=\"section-g-xouhkik\" class=\"wp-block-gutentor-e1 section-g-xouhkik gutentor-element gutentor-element-advanced-text text-align-justify-desktop\"><div class=\"gutentor-text-wrap\"><p class=\"gutentor-text\">High Performance: You may have heard the term occasionally in conversation, or perhaps you know someone who is or was a high-achieving student. This article is written to give you an idea of \u200b\u200bwhat the term refers to and what the life of a high-achieving student might be like, based on my own experience.<\/p><\/div><\/div>\n\n\n\n<div id=\"section-g-hull61x\" class=\"wp-block-gutentor-e2 section-g-hull61x gutentor-element gutentor-element-button blogbutton\"><span class=\"gutentor-button-wrap\"><a class=\"gutentor-button gutentor-block-button gutentor-icon-hide\" href=\"https:\/\/academiaconari.com\/en\/que-significa-ser-un-estudiante-de-alto-rendimiento\/\"><i class=\"gutentor-button-icon fas fa-book\"><\/i><span>Go to article<\/span><\/a><\/span><\/div>\n<\/div><figure class=\"wp-block-media-text__media\"><img loading=\"lazy\" decoding=\"async\" width=\"1024\" height=\"576\" src=\"https:\/\/academiaconari.com\/wp-content\/uploads\/2026\/01\/Conari-Website-Assets-3-1024x576.png\" alt=\"tennis court\" class=\"wp-image-3747 size-full\" srcset=\"https:\/\/academiaconari.com\/wp-content\/uploads\/2026\/01\/Conari-Website-Assets-3-1024x576.png 1024w, https:\/\/academiaconari.com\/wp-content\/uploads\/2026\/01\/Conari-Website-Assets-3-300x169.png 300w, https:\/\/academiaconari.com\/wp-content\/uploads\/2026\/01\/Conari-Website-Assets-3-768x432.png 768w, https:\/\/academiaconari.com\/wp-content\/uploads\/2026\/01\/Conari-Website-Assets-3-1536x864.png 1536w, https:\/\/academiaconari.com\/wp-content\/uploads\/2026\/01\/Conari-Website-Assets-3.png 1920w\" sizes=\"auto, (max-width: 1024px) 100vw, 1024px\" \/><\/figure><\/div>\n\n\n\n<hr class=\"wp-block-separator has-text-color has-white-color has-alpha-channel-opacity has-white-background-color has-background\"\/>\n\n\n\n<hr class=\"wp-block-separator has-text-color has-white-color has-alpha-channel-opacity has-white-background-color has-background\"\/>\n\n\n\n<hr class=\"wp-block-separator has-text-color has-white-color has-alpha-channel-opacity has-white-background-color has-background\"\/>\n\n\n\n<hr class=\"wp-block-separator has-text-color has-white-color has-alpha-channel-opacity has-white-background-color has-background\"\/>\n\n\n\n<div class=\"wp-block-cover pajarotoh\" style=\"min-height:600px;aspect-ratio:unset;\"><img loading=\"lazy\" decoding=\"async\" width=\"2560\" height=\"1707\" class=\"wp-block-cover__image-background wp-image-1354 size-full\" alt=\"Pajara Toh en una rama\" src=\"https:\/\/academiaconari.com\/wp-content\/uploads\/2025\/12\/pajarotoh-scaled.jpeg\" style=\"object-position:53% 17%\" data-object-fit=\"cover\" data-object-position=\"53% 17%\" srcset=\"https:\/\/academiaconari.com\/wp-content\/uploads\/2025\/12\/pajarotoh-scaled.jpeg 2560w, https:\/\/academiaconari.com\/wp-content\/uploads\/2025\/12\/pajarotoh-300x200.jpeg 300w, https:\/\/academiaconari.com\/wp-content\/uploads\/2025\/12\/pajarotoh-1024x683.jpeg 1024w, https:\/\/academiaconari.com\/wp-content\/uploads\/2025\/12\/pajarotoh-768x512.jpeg 768w, https:\/\/academiaconari.com\/wp-content\/uploads\/2025\/12\/pajarotoh-1536x1024.jpeg 1536w, https:\/\/academiaconari.com\/wp-content\/uploads\/2025\/12\/pajarotoh-2048x1366.jpeg 2048w\" sizes=\"auto, (max-width: 2560px) 100vw, 2560px\" \/><span aria-hidden=\"true\" class=\"wp-block-cover__background has-background-dim-0 has-background-dim\" style=\"background-color:#576336\"><\/span><div class=\"wp-block-cover__inner-container is-layout-constrained wp-block-cover-is-layout-constrained\">\n<p class=\"has-text-align-center has-large-font-size\"><\/p>\n\n\n\n<div class=\"wp-block-columns is-layout-flex wp-container-core-columns-is-layout-9d6595d7 wp-block-columns-is-layout-flex\">\n<div class=\"wp-block-column is-layout-flow wp-block-column-is-layout-flow\">\n<div id=\"section-g-ioz5ibe\" class=\"wp-block-gutentor-e2 section-g-ioz5ibe gutentor-element gutentor-element-button button-align-center-desktop botontoh\"><span class=\"gutentor-button-wrap\"><a class=\"gutentor-button gutentor-block-button botontoh gutentor-icon-hide\" href=\"https:\/\/academiaconari.com\/en\/admisiones-2\/\"><i class=\"gutentor-button-icon fas fa-book\"><\/i><span>Admissions<\/span><\/a><\/span><\/div>\n<\/div>\n\n\n\n<div class=\"wp-block-column is-layout-flow wp-block-column-is-layout-flow\">\n<div id=\"section-g-1t16pu6\" class=\"wp-block-gutentor-e2 section-g-1t16pu6 gutentor-element gutentor-element-button button-align-center-desktop botontoh\"><span class=\"gutentor-button-wrap\"><a class=\"gutentor-button gutentor-block-button botontoh gutentor-icon-hide\" href=\"https:\/\/academiaconari.com\/en\/contacto\/\"><i class=\"gutentor-button-icon fas fa-book\"><\/i><span>Contact<\/span><\/a><\/span><\/div>\n<\/div>\n\n\n\n<div class=\"wp-block-column is-layout-flow wp-block-column-is-layout-flow\">\n<div id=\"section-g-67i7cx7\" class=\"wp-block-gutentor-e2 section-g-67i7cx7 gutentor-element gutentor-element-button button-align-center-desktop botontoh\"><span class=\"gutentor-button-wrap\"><a class=\"gutentor-button gutentor-block-button botontoh gutentor-icon-hide\" href=\"https:\/\/academiaconari.com\/en\/quienes-somos\/\"><i class=\"gutentor-button-icon fas fa-book\"><\/i><span>Our Story<\/span><\/a><\/span><\/div>\n<\/div>\n<\/div>\n<\/div><\/div>","protected":false},"excerpt":{"rendered":"","protected":false},"author":1,"featured_media":0,"parent":0,"menu_order":0,"comment_status":"closed","ping_status":"closed","template":"","meta":{"om_disable_all_campaigns":false,"_monsterinsights_skip_tracking":false,"_monsterinsights_sitenote_active":false,"_monsterinsights_sitenote_note":"","_monsterinsights_sitenote_category":0,"footnotes":""},"class_list":["post-1486","page","type-page","status-publish","hentry"],"aioseo_notices":[],"_links":{"self":[{"href":"https:\/\/academiaconari.com\/en\/wp-json\/wp\/v2\/pages\/1486","targetHints":{"allow":["GET"]}}],"collection":[{"href":"https:\/\/academiaconari.com\/en\/wp-json\/wp\/v2\/pages"}],"about":[{"href":"https:\/\/academiaconari.com\/en\/wp-json\/wp\/v2\/types\/page"}],"author":[{"embeddable":true,"href":"https:\/\/academiaconari.com\/en\/wp-json\/wp\/v2\/users\/1"}],"replies":[{"embeddable":true,"href":"https:\/\/academiaconari.com\/en\/wp-json\/wp\/v2\/comments?post=1486"}],"version-history":[{"count":48,"href":"https:\/\/academiaconari.com\/en\/wp-json\/wp\/v2\/pages\/1486\/revisions"}],"predecessor-version":[{"id":4950,"href":"https:\/\/academiaconari.com\/en\/wp-json\/wp\/v2\/pages\/1486\/revisions\/4950"}],"wp:attachment":[{"href":"https:\/\/academiaconari.com\/en\/wp-json\/wp\/v2\/media?parent=1486"}],"curies":[{"name":"wp","href":"https:\/\/api.w.org\/{rel}","templated":true}]}}