{"id":1368,"date":"2025-12-08T14:24:25","date_gmt":"2025-12-08T14:24:25","guid":{"rendered":"https:\/\/academiaconari.com\/?page_id=1368"},"modified":"2026-02-05T15:40:53","modified_gmt":"2026-02-05T15:40:53","slug":"admisiones-2","status":"publish","type":"page","link":"https:\/\/academiaconari.com\/en\/admisiones-2\/","title":{"rendered":"ADMISSION"},"content":{"rendered":"<div class=\"wp-block-columns is-layout-flex wp-container-core-columns-is-layout-9d6595d7 wp-block-columns-is-layout-flex\">\n<div class=\"wp-block-column is-layout-flow wp-block-column-is-layout-flow\" style=\"flex-basis:33.33%\">\n<div id=\"section-g-h55s5a1\" class=\"wp-block-gutentor-e1 alignfull section-g-h55s5a1 gutentor-element gutentor-element-advanced-text gutentor-adv-text-enabled-width admisionesh3header\"><div class=\"gutentor-text-wrap\"><h3 class=\"gutentor-text\">Rolling Admissions<\/h3><\/div><\/div>\n<\/div>\n\n\n\n<div class=\"wp-block-column is-layout-flow wp-block-column-is-layout-flow\" style=\"flex-basis:66.66%\">\n<div id=\"section-g-g9vdgfy\" class=\"wp-block-gutentor-e1 alignfull section-g-g9vdgfy gutentor-element gutentor-element-advanced-text text-align-right-desktop\"><div class=\"gutentor-text-wrap\"><h2 class=\"gutentor-text\">Reduced groups,<br>more learning<\/h2><\/div><\/div>\n<\/div>\n<\/div>\n\n\n\n<hr class=\"wp-block-separator has-text-color has-alpha-channel-opacity has-background\" style=\"background-color:#ffffff00;color:#ffffff00\"\/>\n\n\n\n<hr class=\"wp-block-separator has-text-color has-alpha-channel-opacity has-background\" style=\"background-color:#ffffff00;color:#ffffff00\"\/>\n\n\n\n<hr class=\"wp-block-separator has-text-color has-alpha-channel-opacity has-background\" style=\"background-color:#ffffff00;color:#ffffff00\"\/>\n\n\n\n<hr class=\"wp-block-separator has-text-color has-alpha-channel-opacity has-background\" style=\"background-color:#ffffff00;color:#ffffff00\"\/>\n\n\n\n<hr class=\"wp-block-separator has-text-color has-alpha-channel-opacity has-background\" style=\"background-color:#ffffff00;color:#ffffff00\"\/>\n\n\n\n<hr class=\"wp-block-separator has-text-color has-alpha-channel-opacity has-background\" style=\"background-color:#ffffff00;color:#ffffff00\"\/>\n\n\n\n<hr class=\"wp-block-separator has-text-color has-alpha-channel-opacity has-background\" style=\"background-color:#ffffff00;color:#ffffff00\"\/>\n\n\n\n<hr class=\"wp-block-separator has-text-color has-alpha-channel-opacity has-background\" style=\"background-color:#ffffff00;color:#ffffff00\"\/>\n\n\n\n<hr class=\"wp-block-separator has-text-color has-alpha-channel-opacity has-background\" style=\"background-color:#ffffff00;color:#ffffff00\"\/>\n\n\n\n<hr class=\"wp-block-separator has-text-color has-alpha-channel-opacity has-background\" style=\"background-color:#ffffff00;color:#ffffff00\"\/>\n\n\n\n<hr class=\"wp-block-separator has-text-color has-alpha-channel-opacity has-background\" style=\"background-color:#ffffff00;color:#ffffff00\"\/>\n\n\n\n<hr class=\"wp-block-separator has-text-color has-alpha-channel-opacity has-background\" style=\"background-color:#ffffff00;color:#ffffff00\"\/>\n\n\n\n<div id=\"section-g-a6es844\" class=\"wp-block-gutentor-e1 alignwide section-g-a6es844 gutentor-element gutentor-element-advanced-text\"><div class=\"gutentor-text-wrap\"><h1 class=\"gutentor-text\">ADMISSION<\/h1><\/div><\/div>\n\n\n\n<figure class=\"wp-block-image alignwide size-large lonelychair\"><img loading=\"lazy\" decoding=\"async\" width=\"1024\" height=\"576\" src=\"https:\/\/academiaconari.com\/wp-content\/uploads\/2025\/12\/LonelyConariChair2-1-1024x576.png\" alt=\"\" class=\"wp-image-1589\" srcset=\"https:\/\/academiaconari.com\/wp-content\/uploads\/2025\/12\/LonelyConariChair2-1-1024x576.png 1024w, https:\/\/academiaconari.com\/wp-content\/uploads\/2025\/12\/LonelyConariChair2-1-300x169.png 300w, https:\/\/academiaconari.com\/wp-content\/uploads\/2025\/12\/LonelyConariChair2-1-768x432.png 768w, https:\/\/academiaconari.com\/wp-content\/uploads\/2025\/12\/LonelyConariChair2-1.png 1279w\" sizes=\"auto, (max-width: 1024px) 100vw, 1024px\" \/><\/figure>\n\n\n\n<div class=\"wp-block-cover is-light\" style=\"min-height:400px;aspect-ratio:unset;\"><span aria-hidden=\"true\" class=\"wp-block-cover__background has-background-dim-100 has-background-dim\" style=\"background-color:#fff9f2\"><\/span><div class=\"wp-block-cover__inner-container is-layout-constrained wp-block-cover-is-layout-constrained\">\n<section id=\"g-34f1w43\" class=\"wp-block-gutentor-m2 section-g-34f1w43 gutentor-module gutentor-dynamic-columns gutentor-equal-column-height\"><div class=\"grid-container\"><div class=\"grid-row\">\n<div id=\"col-g-6gpah67\" class=\"wp-block-gutentor-m2-col col-g-6gpah67 gutentor-module gutentor-dynamic-single-column grid-lg-6 grid-md-4 grid-12\"><div id=\"section-g-6gpah67\" class=\"section-g-6gpah67 gutentor-single-col\"><\/div><\/div>\n\n\n\n<div id=\"col-g-jllu4l6\" class=\"wp-block-gutentor-m2-col col-g-jllu4l6 gutentor-module gutentor-dynamic-single-column grid-lg-6 grid-md-4 grid-12\"><div id=\"section-g-jllu4l6\" class=\"section-g-jllu4l6 gutentor-single-col\"><\/div><\/div>\n\n\n\n<div id=\"col-g-963d2g9\" class=\"wp-block-gutentor-m2-col col-g-963d2g9 gutentor-module gutentor-dynamic-single-column grid-lg-6 grid-md-4 grid-12\"><div id=\"section-g-963d2g9\" class=\"section-g-963d2g9 gutentor-single-col\">\n<div id=\"section-g-e4488uv\" class=\"wp-block-gutentor-e1 section-g-e4488uv gutentor-element gutentor-element-advanced-text text-align-left-desktop\"><div class=\"gutentor-text-wrap\"><h2 class=\"gutentor-text\"><strong>Start your journey<\/strong><\/h2><\/div><\/div>\n<\/div><\/div>\n\n\n\n<div id=\"col-g-or9lgl8\" class=\"wp-block-gutentor-m2-col col-g-or9lgl8 gutentor-module gutentor-dynamic-single-column grid-lg-6 grid-md-4 grid-12\"><div id=\"section-g-or9lgl8\" class=\"section-g-or9lgl8 gutentor-single-col\">\n<div id=\"section-g-rtxe767\" class=\"wp-block-gutentor-e1 section-g-rtxe767 gutentor-element gutentor-element-advanced-text text-align-right-desktop\"><div class=\"gutentor-text-wrap\"><h2 class=\"gutentor-text\">Allowing students to delve deeper into their interests and passions.<\/h2><\/div><\/div>\n<\/div><\/div>\n<\/div><\/div><\/section>\n<\/div><\/div>\n\n\n\n<div class=\"wp-block-media-text alignfull is-stacked-on-mobile\"><figure class=\"wp-block-media-text__media\"><img loading=\"lazy\" decoding=\"async\" width=\"1024\" height=\"576\" src=\"https:\/\/academiaconari.com\/wp-content\/uploads\/2025\/12\/Conari-Website-Assets1-3-1024x576.png\" alt=\"cuadrado azul\" class=\"wp-image-1677 size-full\" srcset=\"https:\/\/academiaconari.com\/wp-content\/uploads\/2025\/12\/Conari-Website-Assets1-3-1024x576.png 1024w, https:\/\/academiaconari.com\/wp-content\/uploads\/2025\/12\/Conari-Website-Assets1-3-300x169.png 300w, https:\/\/academiaconari.com\/wp-content\/uploads\/2025\/12\/Conari-Website-Assets1-3-768x432.png 768w, https:\/\/academiaconari.com\/wp-content\/uploads\/2025\/12\/Conari-Website-Assets1-3-1536x864.png 1536w, https:\/\/academiaconari.com\/wp-content\/uploads\/2025\/12\/Conari-Website-Assets1-3.png 1920w\" sizes=\"auto, (max-width: 1024px) 100vw, 1024px\" \/><\/figure><div class=\"wp-block-media-text__content\">\n<p class=\"has-text-align-center pasosadmissiones has-black-color has-text-color has-link-color wp-elements-20808f64ffd64e3c776c2997e22abd5a\" style=\"font-size:25px\">Step 1<br><br><strong>Interview<\/strong><\/p>\n<\/div><\/div>\n\n\n\n<div class=\"wp-block-media-text alignfull has-media-on-the-right is-stacked-on-mobile\"><div class=\"wp-block-media-text__content\">\n<p class=\"has-text-align-center pasosadmissiones has-black-color has-text-color has-link-color wp-elements-e25bcdc5e185dc9af9147d7e4cd3bcfe\" style=\"font-size:25px\">Step 2<br><br><strong><strong><strong>Academic Diagnostic Test<\/strong><\/strong><\/strong><\/p>\n<\/div><figure class=\"wp-block-media-text__media\"><img loading=\"lazy\" decoding=\"async\" width=\"1024\" height=\"576\" src=\"https:\/\/academiaconari.com\/wp-content\/uploads\/2025\/12\/Conari-Website-Assets1-3-1024x576.png\" alt=\"cuadrado azul\" class=\"wp-image-1677 size-full\" srcset=\"https:\/\/academiaconari.com\/wp-content\/uploads\/2025\/12\/Conari-Website-Assets1-3-1024x576.png 1024w, https:\/\/academiaconari.com\/wp-content\/uploads\/2025\/12\/Conari-Website-Assets1-3-300x169.png 300w, https:\/\/academiaconari.com\/wp-content\/uploads\/2025\/12\/Conari-Website-Assets1-3-768x432.png 768w, https:\/\/academiaconari.com\/wp-content\/uploads\/2025\/12\/Conari-Website-Assets1-3-1536x864.png 1536w, https:\/\/academiaconari.com\/wp-content\/uploads\/2025\/12\/Conari-Website-Assets1-3.png 1920w\" sizes=\"auto, (max-width: 1024px) 100vw, 1024px\" \/><\/figure><\/div>\n\n\n\n<div class=\"wp-block-media-text alignfull is-stacked-on-mobile\"><figure class=\"wp-block-media-text__media\"><img loading=\"lazy\" decoding=\"async\" width=\"1024\" height=\"576\" src=\"https:\/\/academiaconari.com\/wp-content\/uploads\/2025\/12\/Conari-Website-Assets1-3-1024x576.png\" alt=\"cuadrado azul\" class=\"wp-image-1677 size-full\" srcset=\"https:\/\/academiaconari.com\/wp-content\/uploads\/2025\/12\/Conari-Website-Assets1-3-1024x576.png 1024w, https:\/\/academiaconari.com\/wp-content\/uploads\/2025\/12\/Conari-Website-Assets1-3-300x169.png 300w, https:\/\/academiaconari.com\/wp-content\/uploads\/2025\/12\/Conari-Website-Assets1-3-768x432.png 768w, https:\/\/academiaconari.com\/wp-content\/uploads\/2025\/12\/Conari-Website-Assets1-3-1536x864.png 1536w, https:\/\/academiaconari.com\/wp-content\/uploads\/2025\/12\/Conari-Website-Assets1-3.png 1920w\" sizes=\"auto, (max-width: 1024px) 100vw, 1024px\" \/><\/figure><div class=\"wp-block-media-text__content\">\n<p class=\"has-text-align-center pasosadmissiones has-black-color has-text-color has-link-color wp-elements-fc61ef6f69ba3c0fd3813e8b8a8548bf\" style=\"font-size:25px\">Step 3<br><br><strong><strong><strong>Personalized Plan of Study<\/strong><\/strong><\/strong><\/p>\n<\/div><\/div>\n\n\n\n<div class=\"wp-block-media-text alignfull has-media-on-the-right is-stacked-on-mobile\"><div class=\"wp-block-media-text__content\">\n<p class=\"has-text-align-center pasosadmissiones has-black-color has-text-color has-link-color wp-elements-8612832f92351c0a2bd9c5252ff339cb\" style=\"font-size:25px\">Step 4<br><br><strong><strong><strong>Inscription<\/strong><\/strong><\/strong><\/p>\n<\/div><figure class=\"wp-block-media-text__media\"><img loading=\"lazy\" decoding=\"async\" width=\"1024\" height=\"576\" src=\"https:\/\/academiaconari.com\/wp-content\/uploads\/2025\/12\/Conari-Website-Assets1-3-1024x576.png\" alt=\"cuadrado azul\" class=\"wp-image-1677 size-full\" srcset=\"https:\/\/academiaconari.com\/wp-content\/uploads\/2025\/12\/Conari-Website-Assets1-3-1024x576.png 1024w, https:\/\/academiaconari.com\/wp-content\/uploads\/2025\/12\/Conari-Website-Assets1-3-300x169.png 300w, https:\/\/academiaconari.com\/wp-content\/uploads\/2025\/12\/Conari-Website-Assets1-3-768x432.png 768w, https:\/\/academiaconari.com\/wp-content\/uploads\/2025\/12\/Conari-Website-Assets1-3-1536x864.png 1536w, https:\/\/academiaconari.com\/wp-content\/uploads\/2025\/12\/Conari-Website-Assets1-3.png 1920w\" sizes=\"auto, (max-width: 1024px) 100vw, 1024px\" \/><\/figure><\/div>\n\n\n\n<div class=\"wp-block-cover entrevistahoy\" style=\"min-height:340px;aspect-ratio:unset;\"><span aria-hidden=\"true\" class=\"wp-block-cover__background has-background-dim-100 has-background-dim\" style=\"background-color:#0093af\"><\/span><div class=\"wp-block-cover__inner-container is-layout-constrained wp-block-cover-is-layout-constrained\">\n<section id=\"g-7n62697\" class=\"wp-block-gutentor-m4 section-g-7n62697 gutentor-module gutentor-advanced-columns gutentor-equal-column-height entrevistahoyBlock\"><div class=\"grid-container\"><div class=\"grid-row\">\n<div id=\"col-g-7ehnr7i\" class=\"wp-block-gutentor-m4-col col-g-7ehnr7i gutentor-single-column  grid-lg-6 grid-md-12 grid-12 entrevistahoy\"><div id=\"section-g-7ehnr7i\" class=\"section-g-7ehnr7i gutentor-col-wrap\">\n<p class=\"has-white-color has-text-color has-link-color wp-elements-2a21f7d6698b33ae08c74cb1b93d6d7f\" style=\"font-size:25px\">Schedule your interview today!<\/p>\n\n\n\n<hr class=\"wp-block-separator has-text-color has-alpha-channel-opacity has-background\" style=\"background-color:#fefdfd00;color:#fefdfd00\" \/>\n\n\n\n<p><script id=\"setmore_script\" type=\"text\/javascript\" src = \"https:\/\/academiaconari.com\/wp-content\/plugins\/setmore-appointments\/script\/setmoreFancyBox.js\"><\/script><a id=\"Setmore_button_iframe\" style=\"float:none\" href=\"https:\/\/booking.setmore.com\/scheduleappointment\/dfbdb6b0-f8ec-4357-9c86-a34bc54c11ad?lang=\"> <img decoding=\"async\" border=\"none\" src=\"https:\/\/assets.setmore.com\/integration\/images\/newdesign\/others\/book-now-button.svg\" alt=\"Book an appointment with Personnel Calendar using SetMore\" \/><\/a><\/p>\n<\/div><\/div>\n\n\n\n<div id=\"col-g-mdd1lmi\" class=\"wp-block-gutentor-m4-col col-g-mdd1lmi gutentor-single-column  grid-lg-6 grid-md-12 grid-12 entrevistahoy, entrevistahoyemail\"><div id=\"section-g-mdd1lmi\" class=\"section-g-mdd1lmi gutentor-col-wrap\">\n<hr class=\"wp-block-separator has-text-color has-alpha-channel-opacity has-background\" style=\"background-color:#fefdfd00;color:#fefdfd00\" \/>\n\n\n\n<p class=\"entrevistahoyP has-white-color has-text-color has-link-color wp-elements-9f179138097a6f6c061f1f896639c03b\" style=\"font-size:24px\">info@academiaconari.com<br>999-997-3030<\/p>\n<\/div><\/div>\n<\/div><\/div><\/section>\n<\/div><\/div>\n\n\n\n<div class=\"wp-block-cover is-light readmorecosts\"><span aria-hidden=\"true\" class=\"wp-block-cover__background has-background-dim-20 has-background-dim\" style=\"background-color:#68cae2\"><\/span><div class=\"wp-block-cover__inner-container is-layout-constrained wp-block-cover-is-layout-constrained\">\n<p class=\"has-text-align-center has-large-font-size\"><\/p>\n\n\n\n<div class=\"wp-block-media-text is-stacked-on-mobile\" style=\"grid-template-columns:42% auto\"><figure class=\"wp-block-media-text__media\"><img loading=\"lazy\" decoding=\"async\" width=\"768\" height=\"1024\" src=\"https:\/\/academiaconari.com\/wp-content\/uploads\/2025\/12\/diademuertossalon-768x1024.png\" alt=\"adentro de una salon de academia conari\" class=\"wp-image-2244 size-full\" srcset=\"https:\/\/academiaconari.com\/wp-content\/uploads\/2025\/12\/diademuertossalon-768x1024.png 768w, https:\/\/academiaconari.com\/wp-content\/uploads\/2025\/12\/diademuertossalon-225x300.png 225w, https:\/\/academiaconari.com\/wp-content\/uploads\/2025\/12\/diademuertossalon-1152x1536.png 1152w, https:\/\/academiaconari.com\/wp-content\/uploads\/2025\/12\/diademuertossalon-1536x2048.png 1536w, https:\/\/academiaconari.com\/wp-content\/uploads\/2025\/12\/diademuertossalon-scaled.png 1920w\" sizes=\"auto, (max-width: 768px) 100vw, 768px\" \/><\/figure><div class=\"wp-block-media-text__content\">\n<div id=\"section-g-i6r4uaa\" class=\"wp-block-gutentor-e1 section-g-i6r4uaa gutentor-element gutentor-element-advanced-text costospreviewTitle\"><div class=\"gutentor-text-wrap\"><h2 class=\"gutentor-text\">Costs<\/h2><\/div><\/div>\n\n\n\n<hr class=\"wp-block-separator has-text-color has-alpha-channel-opacity has-background\" style=\"background-color:#ffffff00;color:#ffffff00\"\/>\n\n\n\n<div id=\"section-g-ahf3d64\" class=\"wp-block-gutentor-e1 section-g-ahf3d64 gutentor-element gutentor-element-advanced-text CostosPreviewText\"><div class=\"gutentor-text-wrap\"><p class=\"gutentor-text\">At Academia Conari, each student's education is personalized, with costs based on their academic needs. Whether a student requires full-time schooling, supplemental classes for credits, or tutoring, we create an individualized educational program that meets each student's specific learning goals.<\/p><\/div><\/div>\n\n\n\n<div id=\"section-g-wf4ssxa\" class=\"wp-block-gutentor-e2 section-g-wf4ssxa gutentor-element gutentor-element-button leermasCostos\"><span class=\"gutentor-button-wrap\"><a class=\"gutentor-button gutentor-block-button gutentor-icon-hide\" href=\"https:\/\/academiaconari.com\/en\/costos-y-colegiatura\/\"><i class=\"gutentor-button-icon fas fa-book\"><\/i><span>Read More<\/span><\/a><\/span><\/div>\n<\/div><\/div>\n<\/div><\/div>\n\n\n\n<div class=\"wp-block-cover pajarotoh\" style=\"min-height:600px;aspect-ratio:unset;\"><img loading=\"lazy\" decoding=\"async\" width=\"2560\" height=\"1707\" class=\"wp-block-cover__image-background wp-image-1354 size-full\" alt=\"Pajara Toh en una rama\" src=\"https:\/\/academiaconari.com\/wp-content\/uploads\/2025\/12\/pajarotoh-scaled.jpeg\" style=\"object-position:53% 17%\" data-object-fit=\"cover\" data-object-position=\"53% 17%\" srcset=\"https:\/\/academiaconari.com\/wp-content\/uploads\/2025\/12\/pajarotoh-scaled.jpeg 2560w, https:\/\/academiaconari.com\/wp-content\/uploads\/2025\/12\/pajarotoh-300x200.jpeg 300w, https:\/\/academiaconari.com\/wp-content\/uploads\/2025\/12\/pajarotoh-1024x683.jpeg 1024w, https:\/\/academiaconari.com\/wp-content\/uploads\/2025\/12\/pajarotoh-768x512.jpeg 768w, https:\/\/academiaconari.com\/wp-content\/uploads\/2025\/12\/pajarotoh-1536x1024.jpeg 1536w, https:\/\/academiaconari.com\/wp-content\/uploads\/2025\/12\/pajarotoh-2048x1366.jpeg 2048w\" sizes=\"auto, (max-width: 2560px) 100vw, 2560px\" \/><span aria-hidden=\"true\" class=\"wp-block-cover__background has-background-dim-0 has-background-dim\" style=\"background-color:#576336\"><\/span><div class=\"wp-block-cover__inner-container is-layout-constrained wp-block-cover-is-layout-constrained\">\n<p class=\"has-text-align-center has-large-font-size\"><\/p>\n\n\n\n<div class=\"wp-block-columns is-layout-flex wp-container-core-columns-is-layout-9d6595d7 wp-block-columns-is-layout-flex\">\n<div class=\"wp-block-column is-layout-flow wp-block-column-is-layout-flow\">\n<div id=\"section-g-ioz5ibe\" class=\"wp-block-gutentor-e2 section-g-ioz5ibe gutentor-element gutentor-element-button button-align-center-desktop botontoh\"><span class=\"gutentor-button-wrap\"><a class=\"gutentor-button gutentor-block-button botontoh gutentor-icon-hide\" href=\"https:\/\/academiaconari.com\/en\/admisiones-2\/\"><i class=\"gutentor-button-icon fas fa-book\"><\/i><span>Admissions<\/span><\/a><\/span><\/div>\n<\/div>\n\n\n\n<div class=\"wp-block-column is-layout-flow wp-block-column-is-layout-flow\">\n<div id=\"section-g-1t16pu6\" class=\"wp-block-gutentor-e2 section-g-1t16pu6 gutentor-element gutentor-element-button button-align-center-desktop botontoh\"><span class=\"gutentor-button-wrap\"><a class=\"gutentor-button gutentor-block-button botontoh gutentor-icon-hide\" href=\"https:\/\/academiaconari.com\/en\/contacto\/\"><i class=\"gutentor-button-icon fas fa-book\"><\/i><span>Contact<\/span><\/a><\/span><\/div>\n<\/div>\n\n\n\n<div class=\"wp-block-column is-layout-flow wp-block-column-is-layout-flow\">\n<div id=\"section-g-67i7cx7\" class=\"wp-block-gutentor-e2 section-g-67i7cx7 gutentor-element gutentor-element-button button-align-center-desktop botontoh\"><span class=\"gutentor-button-wrap\"><a class=\"gutentor-button gutentor-block-button botontoh gutentor-icon-hide\" href=\"https:\/\/academiaconari.com\/en\/quienes-somos\/\"><i class=\"gutentor-button-icon fas fa-book\"><\/i><span>Our Story<\/span><\/a><\/span><\/div>\n<\/div>\n<\/div>\n<\/div><\/div>\n\n\n\n<p><\/p>","protected":false},"excerpt":{"rendered":"<p>Paso 1 Entrevista Paso 2 Examen Diagn\u00f3stico Acad\u00e9mico Paso 3 Plan de Estudios Personalizado Paso 4 Inscripci\u00f3n<\/p>","protected":false},"author":1,"featured_media":0,"parent":0,"menu_order":0,"comment_status":"closed","ping_status":"closed","template":"","meta":{"om_disable_all_campaigns":false,"_monsterinsights_skip_tracking":false,"_monsterinsights_sitenote_active":false,"_monsterinsights_sitenote_note":"","_monsterinsights_sitenote_category":0,"footnotes":""},"class_list":["post-1368","page","type-page","status-publish","hentry"],"aioseo_notices":[],"_links":{"self":[{"href":"https:\/\/academiaconari.com\/en\/wp-json\/wp\/v2\/pages\/1368","targetHints":{"allow":["GET"]}}],"collection":[{"href":"https:\/\/academiaconari.com\/en\/wp-json\/wp\/v2\/pages"}],"about":[{"href":"https:\/\/academiaconari.com\/en\/wp-json\/wp\/v2\/types\/page"}],"author":[{"embeddable":true,"href":"https:\/\/academiaconari.com\/en\/wp-json\/wp\/v2\/users\/1"}],"replies":[{"embeddable":true,"href":"https:\/\/academiaconari.com\/en\/wp-json\/wp\/v2\/comments?post=1368"}],"version-history":[{"count":168,"href":"https:\/\/academiaconari.com\/en\/wp-json\/wp\/v2\/pages\/1368\/revisions"}],"predecessor-version":[{"id":4540,"href":"https:\/\/academiaconari.com\/en\/wp-json\/wp\/v2\/pages\/1368\/revisions\/4540"}],"wp:attachment":[{"href":"https:\/\/academiaconari.com\/en\/wp-json\/wp\/v2\/media?parent=1368"}],"curies":[{"name":"wp","href":"https:\/\/api.w.org\/{rel}","templated":true}]}}