{"id":360,"date":"2025-04-01T22:27:54","date_gmt":"2025-04-01T22:27:54","guid":{"rendered":"http:\/\/academiaconari.com\/?page_id=360"},"modified":"2025-12-05T02:52:22","modified_gmt":"2025-12-05T02:52:22","slug":"nosotros-2","status":"publish","type":"page","link":"http:\/\/academiaconari.com\/en\/nosotros-2\/","title":{"rendered":"CAREERS"},"content":{"rendered":"<p class=\"has-medium-font-size\">Academia Conari abre las puertas como una escuela personalizada en M\u00e9rida, Yucat\u00e1n, creando espacios de aprendizaje inclusivos y adaptativos, a trav\u00e9s de talleres, cursos y programas acad\u00e9micos personalizados para adaptarse a los estilos de aprendizaje \u00fanicos de cada estudiante, con el fin de apoyarlos a lograr sus metas.<\/p>","protected":false},"excerpt":{"rendered":"<p>Academia Conari abre las puertas como una escuela personalizada en M\u00e9rida, Yucat\u00e1n, creando espacios de aprendizaje inclusivos y adaptativos, a trav\u00e9s de talleres, cursos y programas acad\u00e9micos personalizados para adaptarse a los estilos de aprendizaje \u00fanicos de cada estudiante, con el fin de apoyarlos a lograr sus metas.<\/p>","protected":false},"author":1,"featured_media":1267,"parent":0,"menu_order":0,"comment_status":"closed","ping_status":"closed","template":"","meta":{"om_disable_all_campaigns":false,"_monsterinsights_skip_tracking":false,"_monsterinsights_sitenote_active":false,"_monsterinsights_sitenote_note":"","_monsterinsights_sitenote_category":0,"footnotes":""},"class_list":["post-360","page","type-page","status-publish","has-post-thumbnail","hentry"],"aioseo_notices":[],"_links":{"self":[{"href":"http:\/\/academiaconari.com\/en\/wp-json\/wp\/v2\/pages\/360","targetHints":{"allow":["GET"]}}],"collection":[{"href":"http:\/\/academiaconari.com\/en\/wp-json\/wp\/v2\/pages"}],"about":[{"href":"http:\/\/academiaconari.com\/en\/wp-json\/wp\/v2\/types\/page"}],"author":[{"embeddable":true,"href":"http:\/\/academiaconari.com\/en\/wp-json\/wp\/v2\/users\/1"}],"replies":[{"embeddable":true,"href":"http:\/\/academiaconari.com\/en\/wp-json\/wp\/v2\/comments?post=360"}],"version-history":[{"count":12,"href":"http:\/\/academiaconari.com\/en\/wp-json\/wp\/v2\/pages\/360\/revisions"}],"predecessor-version":[{"id":1181,"href":"http:\/\/academiaconari.com\/en\/wp-json\/wp\/v2\/pages\/360\/revisions\/1181"}],"wp:featuredmedia":[{"embeddable":true,"href":"http:\/\/academiaconari.com\/en\/wp-json\/wp\/v2\/media\/1267"}],"wp:attachment":[{"href":"http:\/\/academiaconari.com\/en\/wp-json\/wp\/v2\/media?parent=360"}],"curies":[{"name":"wp","href":"https:\/\/api.w.org\/{rel}","templated":true}]}}